{"id":878,"date":"2026-03-24T16:16:20","date_gmt":"2026-03-24T15:16:20","guid":{"rendered":"https:\/\/mantener.cat\/mentions-legales\/"},"modified":"2026-03-26T17:34:04","modified_gmt":"2026-03-26T16:34:04","slug":"mentions-legales","status":"publish","type":"page","link":"https:\/\/mantener.cat\/fr\/mentions-legales\/","title":{"rendered":"Mentions l\u00e9gales"},"content":{"rendered":"\t\t<div data-elementor-type=\"wp-page\" data-elementor-id=\"878\" class=\"elementor elementor-878 elementor-323\" data-elementor-post-type=\"page\">\n\t\t\t\t<div class=\"elementor-element elementor-element-1558bf3 e-flex e-con-boxed e-con e-parent\" data-id=\"1558bf3\" data-element_type=\"container\" data-e-type=\"container\" data-settings=\"{&quot;background_background&quot;:&quot;classic&quot;}\">\n\t\t\t\t\t<div class=\"e-con-inner\">\n\t\t\t\t<div class=\"elementor-element elementor-element-7b9284c elementor-widget elementor-widget-heading\" data-id=\"7b9284c\" data-element_type=\"widget\" data-e-type=\"widget\" data-widget_type=\"heading.default\">\n\t\t\t\t\t<h1 class=\"elementor-heading-title elementor-size-default\">Mentions l\u00e9gales<\/h1>\t\t\t\t<\/div>\n\t\t\t\t\t<\/div>\n\t\t\t\t<\/div>\n\t\t<div class=\"elementor-element elementor-element-59c55ae e-flex e-con-boxed e-con e-parent\" data-id=\"59c55ae\" data-element_type=\"container\" data-e-type=\"container\">\n\t\t\t\t\t<div class=\"e-con-inner\">\n\t\t\t\t<div class=\"elementor-element elementor-element-b607cbd elementor-widget elementor-widget-text-editor\" data-id=\"b607cbd\" data-element_type=\"widget\" data-e-type=\"widget\" data-widget_type=\"text-editor.default\">\n\t\t\t\t\t\t\t\t\t<p>Con el fin de dar cumplimiento al art\u00edculo 10 de la Ley 34\/2002 de Servicios de la Sociedad de la Informaci\u00f3n y Comercio Electr\u00f3nico, informamos al usuario de nuestros datos:<\/p><p><strong>Denominaci\u00f3n social<\/strong>: MANTENER C&amp;D DEVELOPMENTS S.L.<br><strong>Nombre comercial<\/strong>: Mantener.<br><strong>Domicilio social<\/strong>: Carrer Muntaner 51, Local 2, 08011 Barcelona<br><strong>NIF<\/strong>: B22841472.<br><strong>Email<\/strong>: info@mantener.cat.<\/p><h3><strong>Objeto<\/strong><\/h3><p>El prestador, responsable del sitio web, pone a disposici\u00f3n de los usuarios este documento con el que pretende dar cumplimiento a las obligaciones dispuestas en la Ley 34\/2002, de Servicios de la Sociedad de la Informaci\u00f3n y del Comercio Electr\u00f3nico (LSSI-CE), as\u00ed como informar a todos los usuarios del sitio web respecto a cu\u00e1les son las condiciones de uso del sitio web.<\/p><p>Toda persona que acceda a este sitio web asume el papel de usuario, comprometi\u00e9ndose a la observancia y cumplimiento riguroso de las disposiciones aqu\u00ed dispuestas, as\u00ed como a cualquier otra disposici\u00f3n legal que sea aplicable.<\/p><p>El prestamista se exime de cualquier tipo de responsabilidad derivada de la informaci\u00f3n publicada en su sitio web, siempre que esta informaci\u00f3n haya sido manipulada o introducida por un tercero ajeno al mismo.<\/p><h3><strong>Responsabilidad<\/strong><\/h3><p>El prestamista se exime de cualquier tipo de responsabilidad derivada de la informaci\u00f3n publicada en su sitio web, siempre que esta informaci\u00f3n haya sido manipulada o introducida por un tercero ajeno al mismo.<\/p><p>El sitio web del prestamista puede utilizar cookies (peque\u00f1os ficheros de informaci\u00f3n que el servidor env\u00eda al ordenador de quien accede a la p\u00e1gina) para llevar a cabo determinadas funciones que son consideradas imprescindibles para el correcto funcionamiento y visualizaci\u00f3n del sitio. Las cookies utilizadas en el sitio web tienen, en todo caso, car\u00e1cter temporal con el \u00fanico fin de hacer m\u00e1s eficaz su transmisi\u00f3n ulterior y desaparecen al finalizar la sesi\u00f3n del usuario. En ning\u00fan caso se utilizar\u00e1n las cookies para recabar informaci\u00f3n de car\u00e1cter personal. A\u00f1ade aqu\u00ed un enlace a tu pol\u00edtica de cookies.   <\/p><p>Desde el sitio web del cliente es posible que se redirija a contenidos de terceros sitios web. Dado que el prestamista no puede controlar siempre los contenidos introducidos por los terceros en sus sitios web, \u00e9ste no asume ning\u00fan tipo de responsabilidad respecto a estos contenidos. En todo caso, el prestamista manifiesta que proceder\u00e1 a la retirada inmediata de cualquier contenido que pudiera contravenir la legislaci\u00f3n nacional o internacional, la moral o el orden p\u00fablico, procediendo a la retirada inmediata de la redirecci\u00f3n a este sitio web, poniendo en conocimiento de las autoridades competentes el contenido en cuesti\u00f3n.  <\/p><p>El prestamista no se hace responsable de la informaci\u00f3n y contenidos almacenados, a t\u00edtulo enunciativo pero no limitativo, en foros, chats, generadores de blogs, comentarios, redes sociales o cualquier otro medio que permita a terceros publicar contenidos de forma independiente en la p\u00e1gina web del prestamista. Sin embargo y en cumplimiento de lo dispuesto en el art. 11 y 16 de la LSSI-CE, el prestamista se pone a disposici\u00f3n de todos los usuarios, autoridades y fuerzas de seguridad, y colaborando de forma activa en la retirada o en su caso bloqueo de todos aquellos contenidos que pudieran afectar o contravenir la legislaci\u00f3n nacional, o internacional, derechos de terceros o la moral y el orden p\u00fablico. En caso de que el usuario considere que existe en el sitio web alg\u00fan contenido que pudiera ser susceptible de esta clasificaci\u00f3n, se ruega que lo notifique de forma inmediata al administrador del sitio web.  <\/p><p>Este sitio web ha sido revisado y probado para que funcione correctamente. En principio, se puede garantizar el correcto funcionamiento los 365 d\u00edas del a\u00f1o, 24 horas al d\u00eda. No obstante, el prestamista no descarta la posibilidad de que existan ciertos errores de programaci\u00f3n, o que se conviertan en causas de fuerza mayor, cat\u00e1strofes naturales, huelgas, o circunstancias similares que hagan imposible el acceso a la p\u00e1gina web.  <\/p><h3><strong>Propiedad Intelectual e Industrial<\/strong><\/h3><p>El sitio web, incluyendo a t\u00edtulo enunciativo pero no limitativo su programaci\u00f3n, edici\u00f3n, compilaci\u00f3n y otros elementos necesarios para su funcionamiento, los dise\u00f1os, logotipos, texto y\/o gr\u00e1ficos son propiedad del prestamista o en su caso dispone de licencia o autorizaci\u00f3n expresa por parte de los autores. Todos los contenidos del sitio web se encuentran debidamente protegidos por la normativa de propiedad intelectual e industrial, as\u00ed como inscritos en los registros p\u00fablicos correspondientes.<br>Independientemente de la finalidad para la que fuesen destinados, la reproducci\u00f3n total o parcial, uso, explotaci\u00f3n, distribuci\u00f3n y comercializaci\u00f3n requiere en todo caso la autorizaci\u00f3n escrita previa por parte del prestamista. Cualquier uso no autorizado previamente por parte del prestamista ser\u00e1 considerado un incumplimiento grave de los derechos de propiedad intelectual o industrial del autor.  <\/p><p>Los dise\u00f1os, logotipos, texto y\/o gr\u00e1ficos ajenos al prestamista y que pudieran aparecer en el sitio web, pertenecen a sus respectivos propietarios, siendo ellos mismos responsables de cualquier posible controversia que pudiera suscitarse respecto a los mismos. En todo caso, el prestamista cuenta con la autorizaci\u00f3n expresa y previa por parte de los mismos. <\/p><p>El prestamista NO AUTORIZA expresamente a que terceros puedan redirigir directamente a los contenidos concretos del sitio web, debiendo redirigir en todo caso al sitio web principal del prestamista.<\/p><p>El prestamista reconoce a favor de sus titulares los correspondientes derechos de propiedad industrial e intelectual, y no implica su sola menci\u00f3n o aparici\u00f3n en el sitio web la existencia de derechos o responsabilidad alguna del prestamista sobre \u00e9stos, como tampoco apoyo, patrocinio o recomendaci\u00f3n por parte del mismo.<\/p><p>Para realizar cualquier tipo de observaci\u00f3n respecto a posibles incumplimientos de los derechos de propiedad intelectual o industrial, as\u00ed como sobre cualquiera de los contenidos del sitio web, puede hacerlo a trav\u00e9s del correo electr\u00f3nico que figura en los datos identificativos al principio de este documento.<\/p><h3><strong>Veracidad de la Informaci\u00f3n<\/strong><\/h3><p>Toda la informaci\u00f3n que facilita el usuario debe ser veraz. A estos efectos, el usuario garantiza la autenticidad de los datos comunicados a trav\u00e9s de los formularios para la suscripci\u00f3n de los servicios. Ser\u00e1 responsabilidad del Usuario mantener toda la informaci\u00f3n facilitada a la Empresa permanentemente actualizada de forma que responda, en todo momento, a su situaci\u00f3n real. En todo caso, el Usuario ser\u00e1 el \u00fanico responsable de las manifestaciones falsas o inexactas que realice y de los perjuicios que cause el prestamista o terceros.   <\/p><h3><strong>Menores de Edad<\/strong><\/h3><p>Para el uso de los servicios, los menores de edad deben obtener siempre previamente el consentimiento de los padres, tutores o representantes legales, responsables \u00faltimos de todos los actos realizados por los menores a su cargo. La responsabilitat en la determinaci\u00f3 de continguts concrets als quals accedeixen els menors correspon a aquells, \u00e9s per aix\u00f2 que si accedeixen a continguts no apropiats per Internet, s\u2019hauran d\u2019establir als seus ordinadors mecanismes, en particular programes inform\u00e0tics, filtres i bloquejos, que permetin limitar els continguts disponibles i, tot i que no siguin infal\u00b7libles, s\u00f3n d\u2019especial utilitat per controlar i restringir els materials. <\/p><h3><strong>Obligaci\u00f3n de hacer un uso correcto de la web<\/strong><\/h3><p>El Usuario se compromete a utilizar la Web de conformidad a la Ley y al presente Aviso Legal, as\u00ed como a la moral ya las buenas costumbres. A tal efecto, el Usuario se abstendr\u00e1 de utilizar la p\u00e1gina con fines il\u00edcitos o prohibidos, lesivos de derechos e intereses de terceros, o que de cualquier modo puedan da\u00f1ar, inutilizar, sobrecargar, deteriorar o impedir la utilizaci\u00f3n normal de equipos inform\u00e1ticos o documentos, archivos y todo tipo de contenidos almacenados en cualquier equipo. <\/p><p>En particular, ya t\u00edtulo indicativo pero no exhaustivo, el Usuario se compromete a no transmitir, difundir o poner a disposici\u00f3n de terceros informaciones, datos, contenidos, mensajes, gr\u00e1ficos, dibujos, archivos de sonido o imagen, fotograf\u00edas, grabaciones, software y, en general, cualquier tipo de material que:<\/p><p>(a) sea contraria, desprecia o atente contra los derechos fundamentales y las libertades p\u00fablicas reconocidas constitucionalmente, en tratados internacionales y otras normas vigentes;<\/p><p>(b) induzca, incite o promueva actuaciones delictivas, denigrantes, difamatorias, violentas o, en general, contrarias a la ley, a la moral y al orden p\u00fablico;<\/p><p>(c) induzca, incite o promueva actuaciones, actitudes o pensamientos discriminatorios por raz\u00f3n de sexo, raza, religi\u00f3n, creencias, edad o condici\u00f3n;<\/p><p>(d) sea contrario al derecho al honor, a la intimidad personal o familiar oa la propia imagen de las personas;<\/p><p>(e) de cualquier modo perjudique la credibilidad del prestamista o de terceros; y<\/p><p>(f) constituya publicidad il\u00edcita, enga\u00f1osa o desleal.<\/p><h3><strong>Ley Aplicable y Jurisdicci\u00f3n<\/strong><\/h3><p>Para la resoluci\u00f3n de todas las controversias o cuestiones relacionadas con este sitio web o de las actividades que se desarrollen, ser\u00e1 de aplicaci\u00f3n la legislaci\u00f3n espa\u00f1ola, a la que se someten expresamente las partes, siendo competentes para la resoluci\u00f3n de todos los conflictos derivados o relacionados con su uso en los Juzgados y Tribunales de introducir aqu\u00ed tu comunidad aut\u00f3noma.<\/p>\t\t\t\t\t\t\t\t<\/div>\n\t\t\t\t\t<\/div>\n\t\t\t\t<\/div>\n\t\t\t\t<\/div>\n\t\t","protected":false},"excerpt":{"rendered":"<p>Con el fin de dar cumplimiento al art\u00edculo 10 de la Ley 34\/2002 de Servicios de la Sociedad de la Informaci\u00f3n y Comercio Electr\u00f3nico, informamos al usuario de nuestros datos: Denominaci\u00f3n social: MANTENER C&amp;D DEVELOPMENTS S.L.Nombre comercial: Mantener.Domicilio social: Carrer Muntaner 51, Local 2, 08011 BarcelonaNIF: B22841472.Email: info@mantener.cat. Objeto El prestador, responsable del sitio web, [&hellip;]<\/p>\n","protected":false},"author":1,"featured_media":0,"parent":0,"menu_order":0,"comment_status":"closed","ping_status":"closed","template":"","meta":{"footnotes":""},"class_list":["post-878","page","type-page","status-publish","hentry"],"yoast_head":"<!-- This site is optimized with the Yoast SEO plugin v27.2 - https:\/\/yoast.com\/product\/yoast-seo-wordpress\/ -->\n<title>Mentions l\u00e9gales - Mantener<\/title>\n<meta name=\"robots\" content=\"index, follow, max-snippet:-1, max-image-preview:large, max-video-preview:-1\" \/>\n<link rel=\"canonical\" href=\"https:\/\/mantener.cat\/fr\/mentions-legales\/\" \/>\n<meta property=\"og:locale\" content=\"fr_FR\" \/>\n<meta property=\"og:type\" content=\"article\" \/>\n<meta property=\"og:title\" content=\"Mentions l\u00e9gales - Mantener\" \/>\n<meta property=\"og:description\" content=\"Con el fin de dar cumplimiento al art\u00edculo 10 de la Ley 34\/2002 de Servicios de la Sociedad de la Informaci\u00f3n y Comercio Electr\u00f3nico, informamos al usuario de nuestros datos: Denominaci\u00f3n social: MANTENER C&amp;D DEVELOPMENTS S.L.Nombre comercial: Mantener.Domicilio social: Carrer Muntaner 51, Local 2, 08011 BarcelonaNIF: B22841472.Email: info@mantener.cat. Objeto El prestador, responsable del sitio web, [&hellip;]\" \/>\n<meta property=\"og:url\" content=\"https:\/\/mantener.cat\/fr\/mentions-legales\/\" \/>\n<meta property=\"og:site_name\" content=\"Mantener\" \/>\n<meta property=\"article:modified_time\" content=\"2026-03-26T16:34:04+00:00\" \/>\n<meta name=\"twitter:card\" content=\"summary_large_image\" \/>\n<meta name=\"twitter:label1\" content=\"Dur\u00e9e de lecture estim\u00e9e\" \/>\n\t<meta name=\"twitter:data1\" content=\"8 minutes\" \/>\n<script type=\"application\/ld+json\" class=\"yoast-schema-graph\">{\"@context\":\"https:\/\/schema.org\",\"@graph\":[{\"@type\":\"WebPage\",\"@id\":\"https:\/\/mantener.cat\/fr\/mentions-legales\/\",\"url\":\"https:\/\/mantener.cat\/fr\/mentions-legales\/\",\"name\":\"Mentions l\u00e9gales - Mantener\",\"isPartOf\":{\"@id\":\"https:\/\/mantener.cat\/#website\"},\"datePublished\":\"2026-03-24T15:16:20+00:00\",\"dateModified\":\"2026-03-26T16:34:04+00:00\",\"breadcrumb\":{\"@id\":\"https:\/\/mantener.cat\/fr\/mentions-legales\/#breadcrumb\"},\"inLanguage\":\"fr-FR\",\"potentialAction\":[{\"@type\":\"ReadAction\",\"target\":[\"https:\/\/mantener.cat\/fr\/mentions-legales\/\"]}]},{\"@type\":\"BreadcrumbList\",\"@id\":\"https:\/\/mantener.cat\/fr\/mentions-legales\/#breadcrumb\",\"itemListElement\":[{\"@type\":\"ListItem\",\"position\":1,\"name\":\"Home\",\"item\":\"https:\/\/mantener.cat\/\"},{\"@type\":\"ListItem\",\"position\":2,\"name\":\"Mentions l\u00e9gales\"}]},{\"@type\":\"WebSite\",\"@id\":\"https:\/\/mantener.cat\/#website\",\"url\":\"https:\/\/mantener.cat\/\",\"name\":\"Mantener\",\"description\":\"\",\"publisher\":{\"@id\":\"https:\/\/mantener.cat\/#organization\"},\"potentialAction\":[{\"@type\":\"SearchAction\",\"target\":{\"@type\":\"EntryPoint\",\"urlTemplate\":\"https:\/\/mantener.cat\/?s={search_term_string}\"},\"query-input\":{\"@type\":\"PropertyValueSpecification\",\"valueRequired\":true,\"valueName\":\"search_term_string\"}}],\"inLanguage\":\"fr-FR\"},{\"@type\":\"Organization\",\"@id\":\"https:\/\/mantener.cat\/#organization\",\"name\":\"Mantener\",\"url\":\"https:\/\/mantener.cat\/\",\"logo\":{\"@type\":\"ImageObject\",\"inLanguage\":\"fr-FR\",\"@id\":\"https:\/\/mantener.cat\/#\/schema\/logo\/image\/\",\"url\":\"https:\/\/mantener.cat\/wp-content\/uploads\/2026\/03\/Logo-Mantener.png\",\"contentUrl\":\"https:\/\/mantener.cat\/wp-content\/uploads\/2026\/03\/Logo-Mantener.png\",\"width\":1459,\"height\":337,\"caption\":\"Mantener\"},\"image\":{\"@id\":\"https:\/\/mantener.cat\/#\/schema\/logo\/image\/\"},\"sameAs\":[\"https:\/\/www.instagram.com\/mantener.eixample\/?__pwa=1\"]}]}<\/script>\n<!-- \/ Yoast SEO plugin. -->","yoast_head_json":{"title":"Mentions l\u00e9gales - Mantener","robots":{"index":"index","follow":"follow","max-snippet":"max-snippet:-1","max-image-preview":"max-image-preview:large","max-video-preview":"max-video-preview:-1"},"canonical":"https:\/\/mantener.cat\/fr\/mentions-legales\/","og_locale":"fr_FR","og_type":"article","og_title":"Mentions l\u00e9gales - Mantener","og_description":"Con el fin de dar cumplimiento al art\u00edculo 10 de la Ley 34\/2002 de Servicios de la Sociedad de la Informaci\u00f3n y Comercio Electr\u00f3nico, informamos al usuario de nuestros datos: Denominaci\u00f3n social: MANTENER C&amp;D DEVELOPMENTS S.L.Nombre comercial: Mantener.Domicilio social: Carrer Muntaner 51, Local 2, 08011 BarcelonaNIF: B22841472.Email: info@mantener.cat. Objeto El prestador, responsable del sitio web, [&hellip;]","og_url":"https:\/\/mantener.cat\/fr\/mentions-legales\/","og_site_name":"Mantener","article_modified_time":"2026-03-26T16:34:04+00:00","twitter_card":"summary_large_image","twitter_misc":{"Dur\u00e9e de lecture estim\u00e9e":"8 minutes"},"schema":{"@context":"https:\/\/schema.org","@graph":[{"@type":"WebPage","@id":"https:\/\/mantener.cat\/fr\/mentions-legales\/","url":"https:\/\/mantener.cat\/fr\/mentions-legales\/","name":"Mentions l\u00e9gales - Mantener","isPartOf":{"@id":"https:\/\/mantener.cat\/#website"},"datePublished":"2026-03-24T15:16:20+00:00","dateModified":"2026-03-26T16:34:04+00:00","breadcrumb":{"@id":"https:\/\/mantener.cat\/fr\/mentions-legales\/#breadcrumb"},"inLanguage":"fr-FR","potentialAction":[{"@type":"ReadAction","target":["https:\/\/mantener.cat\/fr\/mentions-legales\/"]}]},{"@type":"BreadcrumbList","@id":"https:\/\/mantener.cat\/fr\/mentions-legales\/#breadcrumb","itemListElement":[{"@type":"ListItem","position":1,"name":"Home","item":"https:\/\/mantener.cat\/"},{"@type":"ListItem","position":2,"name":"Mentions l\u00e9gales"}]},{"@type":"WebSite","@id":"https:\/\/mantener.cat\/#website","url":"https:\/\/mantener.cat\/","name":"Mantener","description":"","publisher":{"@id":"https:\/\/mantener.cat\/#organization"},"potentialAction":[{"@type":"SearchAction","target":{"@type":"EntryPoint","urlTemplate":"https:\/\/mantener.cat\/?s={search_term_string}"},"query-input":{"@type":"PropertyValueSpecification","valueRequired":true,"valueName":"search_term_string"}}],"inLanguage":"fr-FR"},{"@type":"Organization","@id":"https:\/\/mantener.cat\/#organization","name":"Mantener","url":"https:\/\/mantener.cat\/","logo":{"@type":"ImageObject","inLanguage":"fr-FR","@id":"https:\/\/mantener.cat\/#\/schema\/logo\/image\/","url":"https:\/\/mantener.cat\/wp-content\/uploads\/2026\/03\/Logo-Mantener.png","contentUrl":"https:\/\/mantener.cat\/wp-content\/uploads\/2026\/03\/Logo-Mantener.png","width":1459,"height":337,"caption":"Mantener"},"image":{"@id":"https:\/\/mantener.cat\/#\/schema\/logo\/image\/"},"sameAs":["https:\/\/www.instagram.com\/mantener.eixample\/?__pwa=1"]}]}},"_links":{"self":[{"href":"https:\/\/mantener.cat\/fr\/wp-json\/wp\/v2\/pages\/878","targetHints":{"allow":["GET"]}}],"collection":[{"href":"https:\/\/mantener.cat\/fr\/wp-json\/wp\/v2\/pages"}],"about":[{"href":"https:\/\/mantener.cat\/fr\/wp-json\/wp\/v2\/types\/page"}],"author":[{"embeddable":true,"href":"https:\/\/mantener.cat\/fr\/wp-json\/wp\/v2\/users\/1"}],"replies":[{"embeddable":true,"href":"https:\/\/mantener.cat\/fr\/wp-json\/wp\/v2\/comments?post=878"}],"version-history":[{"count":3,"href":"https:\/\/mantener.cat\/fr\/wp-json\/wp\/v2\/pages\/878\/revisions"}],"predecessor-version":[{"id":1520,"href":"https:\/\/mantener.cat\/fr\/wp-json\/wp\/v2\/pages\/878\/revisions\/1520"}],"wp:attachment":[{"href":"https:\/\/mantener.cat\/fr\/wp-json\/wp\/v2\/media?parent=878"}],"curies":[{"name":"wp","href":"https:\/\/api.w.org\/{rel}","templated":true}]}}