{"id":873,"date":"2026-03-24T16:16:34","date_gmt":"2026-03-24T15:16:34","guid":{"rendered":"https:\/\/mantener.cat\/politique-de-confidentialite\/"},"modified":"2026-03-26T17:33:23","modified_gmt":"2026-03-26T16:33:23","slug":"politique-de-confidentialite","status":"publish","type":"page","link":"https:\/\/mantener.cat\/fr\/politique-de-confidentialite\/","title":{"rendered":"Politique de confidentialit\u00e9"},"content":{"rendered":"\t\t<div data-elementor-type=\"wp-page\" data-elementor-id=\"873\" class=\"elementor elementor-873 elementor-325\" data-elementor-post-type=\"page\">\n\t\t\t\t<div class=\"elementor-element elementor-element-bdcb5d6 e-flex e-con-boxed e-con e-parent\" data-id=\"bdcb5d6\" data-element_type=\"container\" data-e-type=\"container\" data-settings=\"{&quot;background_background&quot;:&quot;classic&quot;}\">\n\t\t\t\t\t<div class=\"e-con-inner\">\n\t\t\t\t<div class=\"elementor-element elementor-element-29410f2 elementor-widget elementor-widget-heading\" data-id=\"29410f2\" data-element_type=\"widget\" data-e-type=\"widget\" data-widget_type=\"heading.default\">\n\t\t\t\t\t<h1 class=\"elementor-heading-title elementor-size-default\">Politique de confidentialit\u00e9<\/h1>\t\t\t\t<\/div>\n\t\t\t\t\t<\/div>\n\t\t\t\t<\/div>\n\t\t<div class=\"elementor-element elementor-element-9b26dfb e-flex e-con-boxed e-con e-parent\" data-id=\"9b26dfb\" data-element_type=\"container\" data-e-type=\"container\">\n\t\t\t\t\t<div class=\"e-con-inner\">\n\t\t\t\t<div class=\"elementor-element elementor-element-82dd109 elementor-widget elementor-widget-text-editor\" data-id=\"82dd109\" data-element_type=\"widget\" data-e-type=\"widget\" data-widget_type=\"text-editor.default\">\n\t\t\t\t\t\t\t\t\t<h3><strong>1. Datos del Responsable del Tratamiento<\/strong><\/h3><p><strong>Denominaci\u00f3n social<\/strong>: MANTENER C&amp;D DEVELOPMENTS S.L.<br><strong>Nombre comercial<\/strong>: Mantener.<br><strong>Domicilio social<\/strong>: Carrer Muntaner 51, Local 2, 08011 Barcelona<br><strong>NIF<\/strong>: B22841472.<br><strong>Email<\/strong>: info@mantener.cat.<\/p><h4><strong>1.1. Normativa aplicable<\/strong><\/h4><p>Nuestra Pol\u00edtica de Privacidad se ha dise\u00f1ado de acuerdo con el Reglamento General de Protecci\u00f3n de Datos de la UE 2016\/679 del Parlamento Europeo y del Consejo, de 27 de abril de 2016, relativo a la protecci\u00f3n de las personas f\u00edsicas en lo que se refiere al tratamiento de datos personales ya la libre circulaci\u00f3n de estos datos y en lo que se deroga 3\/2018 de 5 de diciembre, de Protecci\u00f3n de Datos de Car\u00e1cter Personal y Garant\u00eda de Derechos Digitales.<\/p><p>Al facilitarnos sus datos, declara haber le\u00eddo y conocer la presente Pol\u00edtica de Privacidad, prestando su consentimiento inequ\u00edvoco y expreso al tratamiento de sus datos personales de acuerdo con los fines y t\u00e9rminos aqu\u00ed expresados.<\/p><p>La Empresa podr\u00e1 modificar esta Pol\u00edtica de Privacidad para adaptarla a las novedades legislativas, jurisprudenciales o de interpretaci\u00f3n de la Agencia Espa\u00f1ola de Protecci\u00f3n de Datos.<br>Estas condiciones de privacidad pueden ser complementadas por el Aviso Legal, Pol\u00edtica de Cookies y las Condiciones Generales que, en su caso, se recojan para determinados productos o servicios, si dicho acceso supone alguna especialidad en materia de protecci\u00f3n de datos de car\u00e1cter personal.<\/p><h3><strong>2. Finalidad del Tratamiento de los Datos Personales<\/strong><\/h3><p>El tratamiento que realizamos de sus datos personales responde a las siguientes finalidades:<br>Lista todos los prop\u00f3sitos para los que se recogen datos. Por ejemplo: gesti\u00f3n de la comunicaci\u00f3n, env\u00edo de newsletter, etc. <\/p><h4><strong>2.1. Plazo de Conservaci\u00f3n de sus datos<\/strong><\/h4><p>Conservaremos sus datos personales desde que nos d\u00e9 su consentimiento hasta que lo revoque o solicite la limitaci\u00f3n del tratamiento. En estos casos, mantendremos sus datos de forma bloqueada durante los plazos legalmente exigidos. <\/p><h3><strong>3. Legitimaci\u00f3n y Datos Recaudados<\/strong><\/h3><p>La legitimaci\u00f3n para el tratamiento de sus datos es el consentimiento expreso otorgado mediante un acto positivo y afirmativo (rellenar el formulario correspondiente y marcar la casilla de aceptaci\u00f3n de esta pol\u00edtica) en el momento de facilitarnos sus datos personales.<\/p><h4><strong>3.1. Consentimiento para tratar sus datos<\/strong><\/h4><p>Al rellenar los formularios, marcar la casilla \u201cAcepto la Pol\u00edtica de Privacidad\u201d y hacer clic para enviar los datos, o al remitir correos electr\u00f3nicos a la Empresa a trav\u00e9s de las cuentas habilitadas al efecto, el Usuario manifiesta haber le\u00eddo y aceptado expresamente esta pol\u00edtica de privacidad, otorgando su consentimiento inequ\u00edvoco.<\/p><h3><strong>4. Medidas de Seguridad<\/strong><\/h3><p>Dentro de nuestro compromiso por garantizar la seguridad y confidencialidad de sus datos de car\u00e1cter personal, le informamos que se han adoptado las medidas de \u00edndole t\u00e9cnica y organizativas necesarias para garantizar la seguridad de los datos de car\u00e1cter personal y evitar su alteraci\u00f3n, p\u00e9rdida, tratamiento o acceso no autorizado, teniendo en cuenta el estado de la tecnolog\u00eda, la naturaleza de los datos almacenados y los riesgos almacenados. 32 del RGPD EU 679\/2016. <\/p><h3><strong>5. Cesi\u00f3n de Datos<\/strong><\/h3><p>No se prev\u00e9n cesiones de datos ni transferencias internacionales de sus datos, con excepci\u00f3n de las autorizadas por la legislaci\u00f3n fiscal, mercantil y de telecomunicaciones, as\u00ed como en aquellos casos en que una autoridad judicial nos lo requiera.<\/p><h3><strong>6. Derechos del Usuario<\/strong><\/h3><p>Cualquier interesado tiene derecho a obtener confirmaci\u00f3n sobre si estamos tratando datos personales que le conciernen, o no. Las personas interesadas tienen derecho a acceder a sus datos personales, as\u00ed como a solicitar la rectificaci\u00f3n de los datos inexactos o, en su caso, solicitar su supresi\u00f3n cuando, entre otros motivos, los datos ya no sean necesarios para los fines recogidos. <\/p><p>En determinadas circunstancias, los interesados podr\u00e1n solicitar la limitaci\u00f3n del tratamiento de sus datos, en cuyo caso \u00fanicamente los conservaremos para el ejercicio o defensa de reclamaciones. Por motivos relacionados con su situaci\u00f3n particular, los interesados podr\u00e1n oponerse al tratamiento de sus datos. <\/p><p>El Responsable del archivo dejar\u00e1 de tratar los datos, salvo motivos leg\u00edtimos imperiosos, o el ejercicio o defensa de posibles reclamaciones. De acuerdo con la legislaci\u00f3n vigente tiene los siguientes derechos: <\/p><ul><li>Derecho a solicitar el acceso a sus datos personales.<\/li><li>Derecho a solicitar su rectificaci\u00f3n o supresi\u00f3n.<\/li><li>Derecho a solicitar la limitaci\u00f3n del tratamiento.<\/li><li>Derecho a oponerse al tratamiento.<\/li><li>Derecho a la portabilidad de los datos y, asimismo, a revocar el consentimiento otorgado.<\/li><\/ul><p>Asimismo, tendr\u00e1 derecho a presentar una reclamaci\u00f3n ante la Agencia Espa\u00f1ola de Protecci\u00f3n de Datos.Dret a sol\u00b7licitar-ne la rectificaci\u00f3 o supressi\u00f3.<\/p><h3><strong>6.1. \u00bfC\u00f3mo ejercitar mis derechos?<\/strong><\/h3><p>Para ejercer sus derechos, debe dirigirse al responsable, solicitando el correspondiente formulario para el ejercicio del derecho escogido. Opcionalmente, puede acudir a la Autoridad de Control competente para obtener informaci\u00f3n adicional sobre sus derechos. Los datos de contacto para el ejercicio de sus derechos son el tel\u00e9fono y el correo electr\u00f3nico de la empresa. Recuerde acompa\u00f1ar una copia de un documento que nos permita identificarse.   <\/p><h3><strong>7. Consentimiento para env\u00edo de Comunicaciones Electr\u00f3nicas<\/strong><\/h3><p>Asimismo, y de acuerdo con lo establecido en la Ley 34\/2002, de 11 de julio, de Servicios de la Sociedad de la Informaci\u00f3n y del Comercio Electr\u00f3nico, completando el formulario de recogida de datos y marcando<\/p>\t\t\t\t\t\t\t\t<\/div>\n\t\t\t\t\t<\/div>\n\t\t\t\t<\/div>\n\t\t\t\t<\/div>\n\t\t","protected":false},"excerpt":{"rendered":"<p>1. Datos del Responsable del Tratamiento Denominaci\u00f3n social: MANTENER C&amp;D DEVELOPMENTS S.L.Nombre comercial: Mantener.Domicilio social: Carrer Muntaner 51, Local 2, 08011 BarcelonaNIF: B22841472.Email: info@mantener.cat. 1.1. Normativa aplicable Nuestra Pol\u00edtica de Privacidad se ha dise\u00f1ado de acuerdo con el Reglamento General de Protecci\u00f3n de Datos de la UE 2016\/679 del Parlamento Europeo y del Consejo, de [&hellip;]<\/p>\n","protected":false},"author":1,"featured_media":0,"parent":0,"menu_order":0,"comment_status":"closed","ping_status":"closed","template":"","meta":{"footnotes":""},"class_list":["post-873","page","type-page","status-publish","hentry"],"yoast_head":"<!-- This site is optimized with the Yoast SEO plugin v27.2 - https:\/\/yoast.com\/product\/yoast-seo-wordpress\/ -->\n<title>Politique de confidentialit\u00e9 - Mantener<\/title>\n<meta name=\"robots\" content=\"index, follow, max-snippet:-1, max-image-preview:large, max-video-preview:-1\" \/>\n<link rel=\"canonical\" href=\"https:\/\/mantener.cat\/fr\/politique-de-confidentialite\/\" \/>\n<meta property=\"og:locale\" content=\"fr_FR\" \/>\n<meta property=\"og:type\" content=\"article\" \/>\n<meta property=\"og:title\" content=\"Politique de confidentialit\u00e9 - Mantener\" \/>\n<meta property=\"og:description\" content=\"1. Datos del Responsable del Tratamiento Denominaci\u00f3n social: MANTENER C&amp;D DEVELOPMENTS S.L.Nombre comercial: Mantener.Domicilio social: Carrer Muntaner 51, Local 2, 08011 BarcelonaNIF: B22841472.Email: info@mantener.cat. 1.1. Normativa aplicable Nuestra Pol\u00edtica de Privacidad se ha dise\u00f1ado de acuerdo con el Reglamento General de Protecci\u00f3n de Datos de la UE 2016\/679 del Parlamento Europeo y del Consejo, de [&hellip;]\" \/>\n<meta property=\"og:url\" content=\"https:\/\/mantener.cat\/fr\/politique-de-confidentialite\/\" \/>\n<meta property=\"og:site_name\" content=\"Mantener\" \/>\n<meta property=\"article:modified_time\" content=\"2026-03-26T16:33:23+00:00\" \/>\n<meta name=\"twitter:card\" content=\"summary_large_image\" \/>\n<meta name=\"twitter:label1\" content=\"Dur\u00e9e de lecture estim\u00e9e\" \/>\n\t<meta name=\"twitter:data1\" content=\"4 minutes\" \/>\n<script type=\"application\/ld+json\" class=\"yoast-schema-graph\">{\"@context\":\"https:\/\/schema.org\",\"@graph\":[{\"@type\":\"WebPage\",\"@id\":\"https:\/\/mantener.cat\/fr\/politique-de-confidentialite\/\",\"url\":\"https:\/\/mantener.cat\/fr\/politique-de-confidentialite\/\",\"name\":\"Politique de confidentialit\u00e9 - Mantener\",\"isPartOf\":{\"@id\":\"https:\/\/mantener.cat\/#website\"},\"datePublished\":\"2026-03-24T15:16:34+00:00\",\"dateModified\":\"2026-03-26T16:33:23+00:00\",\"breadcrumb\":{\"@id\":\"https:\/\/mantener.cat\/fr\/politique-de-confidentialite\/#breadcrumb\"},\"inLanguage\":\"fr-FR\",\"potentialAction\":[{\"@type\":\"ReadAction\",\"target\":[\"https:\/\/mantener.cat\/fr\/politique-de-confidentialite\/\"]}]},{\"@type\":\"BreadcrumbList\",\"@id\":\"https:\/\/mantener.cat\/fr\/politique-de-confidentialite\/#breadcrumb\",\"itemListElement\":[{\"@type\":\"ListItem\",\"position\":1,\"name\":\"Home\",\"item\":\"https:\/\/mantener.cat\/\"},{\"@type\":\"ListItem\",\"position\":2,\"name\":\"Politique de confidentialit\u00e9\"}]},{\"@type\":\"WebSite\",\"@id\":\"https:\/\/mantener.cat\/#website\",\"url\":\"https:\/\/mantener.cat\/\",\"name\":\"Mantener\",\"description\":\"\",\"publisher\":{\"@id\":\"https:\/\/mantener.cat\/#organization\"},\"potentialAction\":[{\"@type\":\"SearchAction\",\"target\":{\"@type\":\"EntryPoint\",\"urlTemplate\":\"https:\/\/mantener.cat\/?s={search_term_string}\"},\"query-input\":{\"@type\":\"PropertyValueSpecification\",\"valueRequired\":true,\"valueName\":\"search_term_string\"}}],\"inLanguage\":\"fr-FR\"},{\"@type\":\"Organization\",\"@id\":\"https:\/\/mantener.cat\/#organization\",\"name\":\"Mantener\",\"url\":\"https:\/\/mantener.cat\/\",\"logo\":{\"@type\":\"ImageObject\",\"inLanguage\":\"fr-FR\",\"@id\":\"https:\/\/mantener.cat\/#\/schema\/logo\/image\/\",\"url\":\"https:\/\/mantener.cat\/wp-content\/uploads\/2026\/03\/Logo-Mantener.png\",\"contentUrl\":\"https:\/\/mantener.cat\/wp-content\/uploads\/2026\/03\/Logo-Mantener.png\",\"width\":1459,\"height\":337,\"caption\":\"Mantener\"},\"image\":{\"@id\":\"https:\/\/mantener.cat\/#\/schema\/logo\/image\/\"},\"sameAs\":[\"https:\/\/www.instagram.com\/mantener.eixample\/?__pwa=1\"]}]}<\/script>\n<!-- \/ Yoast SEO plugin. -->","yoast_head_json":{"title":"Politique de confidentialit\u00e9 - Mantener","robots":{"index":"index","follow":"follow","max-snippet":"max-snippet:-1","max-image-preview":"max-image-preview:large","max-video-preview":"max-video-preview:-1"},"canonical":"https:\/\/mantener.cat\/fr\/politique-de-confidentialite\/","og_locale":"fr_FR","og_type":"article","og_title":"Politique de confidentialit\u00e9 - Mantener","og_description":"1. Datos del Responsable del Tratamiento Denominaci\u00f3n social: MANTENER C&amp;D DEVELOPMENTS S.L.Nombre comercial: Mantener.Domicilio social: Carrer Muntaner 51, Local 2, 08011 BarcelonaNIF: B22841472.Email: info@mantener.cat. 1.1. Normativa aplicable Nuestra Pol\u00edtica de Privacidad se ha dise\u00f1ado de acuerdo con el Reglamento General de Protecci\u00f3n de Datos de la UE 2016\/679 del Parlamento Europeo y del Consejo, de [&hellip;]","og_url":"https:\/\/mantener.cat\/fr\/politique-de-confidentialite\/","og_site_name":"Mantener","article_modified_time":"2026-03-26T16:33:23+00:00","twitter_card":"summary_large_image","twitter_misc":{"Dur\u00e9e de lecture estim\u00e9e":"4 minutes"},"schema":{"@context":"https:\/\/schema.org","@graph":[{"@type":"WebPage","@id":"https:\/\/mantener.cat\/fr\/politique-de-confidentialite\/","url":"https:\/\/mantener.cat\/fr\/politique-de-confidentialite\/","name":"Politique de confidentialit\u00e9 - Mantener","isPartOf":{"@id":"https:\/\/mantener.cat\/#website"},"datePublished":"2026-03-24T15:16:34+00:00","dateModified":"2026-03-26T16:33:23+00:00","breadcrumb":{"@id":"https:\/\/mantener.cat\/fr\/politique-de-confidentialite\/#breadcrumb"},"inLanguage":"fr-FR","potentialAction":[{"@type":"ReadAction","target":["https:\/\/mantener.cat\/fr\/politique-de-confidentialite\/"]}]},{"@type":"BreadcrumbList","@id":"https:\/\/mantener.cat\/fr\/politique-de-confidentialite\/#breadcrumb","itemListElement":[{"@type":"ListItem","position":1,"name":"Home","item":"https:\/\/mantener.cat\/"},{"@type":"ListItem","position":2,"name":"Politique de confidentialit\u00e9"}]},{"@type":"WebSite","@id":"https:\/\/mantener.cat\/#website","url":"https:\/\/mantener.cat\/","name":"Mantener","description":"","publisher":{"@id":"https:\/\/mantener.cat\/#organization"},"potentialAction":[{"@type":"SearchAction","target":{"@type":"EntryPoint","urlTemplate":"https:\/\/mantener.cat\/?s={search_term_string}"},"query-input":{"@type":"PropertyValueSpecification","valueRequired":true,"valueName":"search_term_string"}}],"inLanguage":"fr-FR"},{"@type":"Organization","@id":"https:\/\/mantener.cat\/#organization","name":"Mantener","url":"https:\/\/mantener.cat\/","logo":{"@type":"ImageObject","inLanguage":"fr-FR","@id":"https:\/\/mantener.cat\/#\/schema\/logo\/image\/","url":"https:\/\/mantener.cat\/wp-content\/uploads\/2026\/03\/Logo-Mantener.png","contentUrl":"https:\/\/mantener.cat\/wp-content\/uploads\/2026\/03\/Logo-Mantener.png","width":1459,"height":337,"caption":"Mantener"},"image":{"@id":"https:\/\/mantener.cat\/#\/schema\/logo\/image\/"},"sameAs":["https:\/\/www.instagram.com\/mantener.eixample\/?__pwa=1"]}]}},"_links":{"self":[{"href":"https:\/\/mantener.cat\/fr\/wp-json\/wp\/v2\/pages\/873","targetHints":{"allow":["GET"]}}],"collection":[{"href":"https:\/\/mantener.cat\/fr\/wp-json\/wp\/v2\/pages"}],"about":[{"href":"https:\/\/mantener.cat\/fr\/wp-json\/wp\/v2\/types\/page"}],"author":[{"embeddable":true,"href":"https:\/\/mantener.cat\/fr\/wp-json\/wp\/v2\/users\/1"}],"replies":[{"embeddable":true,"href":"https:\/\/mantener.cat\/fr\/wp-json\/wp\/v2\/comments?post=873"}],"version-history":[{"count":7,"href":"https:\/\/mantener.cat\/fr\/wp-json\/wp\/v2\/pages\/873\/revisions"}],"predecessor-version":[{"id":1517,"href":"https:\/\/mantener.cat\/fr\/wp-json\/wp\/v2\/pages\/873\/revisions\/1517"}],"wp:attachment":[{"href":"https:\/\/mantener.cat\/fr\/wp-json\/wp\/v2\/media?parent=873"}],"curies":[{"name":"wp","href":"https:\/\/api.w.org\/{rel}","templated":true}]}}